{"id":8580,"date":"2026-03-27T12:45:06","date_gmt":"2026-03-27T16:45:06","guid":{"rendered":"https:\/\/evnia.com\/?page_id=8580"},"modified":"2026-03-27T12:47:32","modified_gmt":"2026-03-27T16:47:32","slug":"page-test-english","status":"publish","type":"page","link":"https:\/\/evnia.com\/en\/page-test-english\/","title":{"rendered":"Page test english"},"content":{"rendered":"\t\t<div data-elementor-type=\"wp-page\" data-elementor-id=\"8580\" class=\"elementor elementor-8580 elementor-8576\" data-elementor-post-type=\"page\">\n\t\t\t\t\t\t<section class=\"elementor-section elementor-top-section elementor-element elementor-element-c1534ce elementor-section-full_width elementor-section-height-default elementor-section-height-default\" data-id=\"c1534ce\" data-element_type=\"section\" data-settings=\"{&quot;background_background&quot;:&quot;classic&quot;}\">\n\t\t\t\t\t\t<div class=\"elementor-container elementor-column-gap-default\">\n\t\t\t\t\t<div class=\"elementor-column elementor-col-100 elementor-top-column elementor-element elementor-element-fc20db2\" data-id=\"fc20db2\" data-element_type=\"column\" data-settings=\"{&quot;background_background&quot;:&quot;classic&quot;}\">\n\t\t\t<div class=\"elementor-widget-wrap elementor-element-populated\">\n\t\t\t\t\t\t<div class=\"elementor-element elementor-element-a99a9ed elementor-widget elementor-widget-heading\" data-id=\"a99a9ed\" data-element_type=\"widget\" data-widget_type=\"heading.default\">\n\t\t\t\t<div class=\"elementor-widget-container\">\n\t\t\t\t\t<h2 class=\"elementor-heading-title elementor-size-default\">Voici nos offres d'emplois<\/h2>\t\t\t\t<\/div>\n\t\t\t\t<\/div>\n\t\t\t\t<div data-dce-text-color=\"#FFFFFF\" class=\"elementor-element elementor-element-5ddb3d5 elementor-widget elementor-widget-text-editor\" data-id=\"5ddb3d5\" data-element_type=\"widget\" data-widget_type=\"text-editor.default\">\n\t\t\t\t<div class=\"elementor-widget-container\">\n\t\t\t\t\t\t\t\t\t<p>Tu cherches une carri\u00e8re d\u2019avenir?<br \/>Tu veux agir en faveur de l\u2019environnement?<br \/>Fais carri\u00e8re avec nous!<\/p>\t\t\t\t\t\t\t\t<\/div>\n\t\t\t\t<\/div>\n\t\t\t\t<div class=\"elementor-element elementor-element-acc67b0 dce_masking-none elementor-widget elementor-widget-image\" data-id=\"acc67b0\" data-element_type=\"widget\" data-widget_type=\"image.default\">\n\t\t\t\t<div class=\"elementor-widget-container\">\n\t\t\t\t\t\t\t\t\t\t\t\t\t\t\t<img decoding=\"async\" width=\"58\" height=\"58\" src=\"https:\/\/evnia.com\/wp-content\/uploads\/circle_chevron.png\" class=\"attachment-large size-large wp-image-6335\" alt=\"\" srcset=\"https:\/\/evnia.com\/wp-content\/uploads\/circle_chevron.png 58w, https:\/\/evnia.com\/wp-content\/uploads\/circle_chevron-12x12.png 12w, https:\/\/evnia.com\/wp-content\/uploads\/elementor\/thumbs\/circle_chevron-pnbjlvd6v5x6of08z7j2fgeo6uulmc7k9wpqj83s18.png 30w\" sizes=\"(max-width: 58px) 100vw, 58px\" \/>\t\t\t\t\t\t\t\t\t\t\t\t\t\t\t<\/div>\n\t\t\t\t<\/div>\n\t\t\t\t\t<\/div>\n\t\t<\/div>\n\t\t\t\t\t<\/div>\n\t\t<\/section>\n\t\t\t\t<section data-dce-background-color=\"#FFFFFF\" class=\"elementor-section elementor-top-section elementor-element elementor-element-9e64d20 elementor-section-boxed elementor-section-height-default elementor-section-height-default\" data-id=\"9e64d20\" data-element_type=\"section\" data-settings=\"{&quot;background_background&quot;:&quot;classic&quot;}\">\n\t\t\t\t\t\t<div class=\"elementor-container elementor-column-gap-no\">\n\t\t\t\t\t<div class=\"elementor-column elementor-col-100 elementor-top-column elementor-element elementor-element-0802bde\" data-id=\"0802bde\" data-element_type=\"column\">\n\t\t\t<div class=\"elementor-widget-wrap elementor-element-populated\">\n\t\t\t\t\t\t<div class=\"elementor-element elementor-element-04ad026 elementor-widget elementor-widget-spacer\" data-id=\"04ad026\" data-element_type=\"widget\" data-widget_type=\"spacer.default\">\n\t\t\t\t<div class=\"elementor-widget-container\">\n\t\t\t\t\t\t\t<div class=\"elementor-spacer\">\n\t\t\t<div class=\"elementor-spacer-inner\"><\/div>\n\t\t<\/div>\n\t\t\t\t\t\t<\/div>\n\t\t\t\t<\/div>\n\t\t\t\t<div class=\"elementor-element elementor-element-2d8ca5b elementor-widget__width-initial elementor-widget elementor-widget-heading\" data-id=\"2d8ca5b\" data-element_type=\"widget\" data-widget_type=\"heading.default\">\n\t\t\t\t<div class=\"elementor-widget-container\">\n\t\t\t\t\t<h2 class=\"elementor-heading-title elementor-size-default\">Agent(e) de conformit\u00e9<\/h2>\t\t\t\t<\/div>\n\t\t\t\t<\/div>\n\t\t\t\t<div class=\"elementor-element elementor-element-a9f2456 elementor-widget elementor-widget-spacer\" data-id=\"a9f2456\" data-element_type=\"widget\" data-widget_type=\"spacer.default\">\n\t\t\t\t<div class=\"elementor-widget-container\">\n\t\t\t\t\t\t\t<div class=\"elementor-spacer\">\n\t\t\t<div class=\"elementor-spacer-inner\"><\/div>\n\t\t<\/div>\n\t\t\t\t\t\t<\/div>\n\t\t\t\t<\/div>\n\t\t\t\t<div class=\"elementor-element elementor-element-c8dfd3b elementor-widget__width-initial elementor-widget elementor-widget-text-editor\" data-id=\"c8dfd3b\" data-element_type=\"widget\" data-widget_type=\"text-editor.default\">\n\t\t\t\t<div class=\"elementor-widget-container\">\n\t\t\t\t\t\t\t\t\t<p>Evnia, firme-conseil sp\u00e9cialis\u00e9e en \u00e9cofiscalit\u00e9, s&#8217;est distingu\u00e9e depuis 2005 comme une r\u00e9f\u00e9rence incontournable au Canada en mati\u00e8re de responsabilit\u00e9 \u00e9largie des producteurs (REP) et de d\u00e9claration des \u00e9cofrais. Gr\u00e2ce \u00e0 l&#8217;utilisation des meilleures technologies disponibles sur le march\u00e9 et \u00e0 l&#8217;expertise de nos \u00e9cofiscalistes, nous accompagnons nos clients dans le respect de leurs obligations environnementales avec une efficacit\u00e9 in\u00e9gal\u00e9e.<\/p><p><span style=\"font-weight: 900;\">Pourquoi rejoindre l\u2019\u00e9quipe Evnia?<\/span><br \/>En rejoignant Evnia, tu contribueras \u00e0 simplifier les processus et \u00e0 maintenir la conformit\u00e9 environnementale de nos clients en ce qui a trait \u00e0 leurs obligations en termes d\u2019\u00e9cofrais. L&#8217;innovation et la cr\u00e9ativit\u00e9 sont encourag\u00e9es. Tu \u00e9volueras dans un environnement stimulant o\u00f9 tes id\u00e9es audacieuses seront non seulement \u00e9cout\u00e9es, mais aussi mises en pratique. C&#8217;est l&#8217;occasion de repousser les limites et de laisser ton empreinte durable!<\/p><p><span style=\"font-weight: 900;\">Un r\u00f4le cl\u00e9, dynamique et \u00e9volutif!<\/span><br \/>Nous recherchons actuellement un(e) agent(e) de conformit\u00e9 qui agira comme un soutien ind\u00e9niable aux analystes de conformit\u00e9 dans leurs t\u00e2ches quotidiennes. En plus d\u2019effectuer des recherches sur les programmes actuels et \u00e0 venir, de faire de l\u2019analyse de donn\u00e9es, de pr\u00e9parer des rapports clients et de soumettre des d\u00e9clarations, l\u2019agent(e) de conformit\u00e9 proc\u00e9dera aux pes\u00e9es d\u2019\u00e9chantillons client.<\/p><p><span style=\"font-weight: 900;\">En prime :<\/span><\/p><ul><li>Un emploi de 35 heures par semaine.<\/li><li>Un poste en mode hybride, \u00e0 raison d\u2019une journ\u00e9e par semaine au bureau de Mirabel.<\/li><li>Un r\u00e9gime d\u2019assurances collectives avantageux.<\/li><li>De multiples possibilit\u00e9s de d\u00e9veloppement professionnel vous permettant de cro\u00eetre rapidement dans le domaine des \u00e9cofrais!<\/li><li>Des activit\u00e9s de <em>teambuilding<\/em> et une \u00e9quipe dans laquelle r\u00e8gne le plaisir!<\/li><\/ul>\t\t\t\t\t\t\t\t<\/div>\n\t\t\t\t<\/div>\n\t\t\t\t<div class=\"elementor-element elementor-element-1c97f3f elementor-widget elementor-widget-spacer\" data-id=\"1c97f3f\" data-element_type=\"widget\" data-widget_type=\"spacer.default\">\n\t\t\t\t<div class=\"elementor-widget-container\">\n\t\t\t\t\t\t\t<div class=\"elementor-spacer\">\n\t\t\t<div class=\"elementor-spacer-inner\"><\/div>\n\t\t<\/div>\n\t\t\t\t\t\t<\/div>\n\t\t\t\t<\/div>\n\t\t\t\t<div class=\"elementor-element elementor-element-ff1a36e elementor-widget__width-initial elementor-widget elementor-widget-heading\" data-id=\"ff1a36e\" data-element_type=\"widget\" data-widget_type=\"heading.default\">\n\t\t\t\t<div class=\"elementor-widget-container\">\n\t\t\t\t\t<h2 class=\"elementor-heading-title elementor-size-default\">Tes principales responsabilit\u00e9s<\/h2>\t\t\t\t<\/div>\n\t\t\t\t<\/div>\n\t\t\t\t<div class=\"elementor-element elementor-element-22aed8f elementor-widget__width-initial elementor-widget elementor-widget-text-editor\" data-id=\"22aed8f\" data-element_type=\"widget\" data-widget_type=\"text-editor.default\">\n\t\t\t\t<div class=\"elementor-widget-container\">\n\t\t\t\t\t\t\t\t\t<ul><li>Classifier, structurer et analyser les donn\u00e9es relatives aux mandats.<\/li><li>Pr\u00e9parer et r\u00e9viser des rapports clairs et d\u00e9taill\u00e9s, tout en veillant \u00e0 la qualit\u00e9 et \u00e0 la coh\u00e9rence des documents administratifs destin\u00e9s aux clients.<\/li><li>Rechercher et analyser des informations en lien avec le secteur d\u2019activit\u00e9 et les mandats.<\/li><li>Effectuer des pes\u00e9es et classer les mat\u00e9riaux.<\/li><li>Offrir un soutien direct aux analystes dans l&#8217;accomplissement de leurs t\u00e2ches quotidiennes et contribuer \u00e0 l&#8217;efficacit\u00e9 globale de l&#8217;\u00e9quipe<\/li><li>Participer activement aux initiatives sociales et environnementales de l\u2019entreprise.<\/li><li>Faire partie d\u2019un sous-comit\u00e9 B Corp afin d\u2019assurer notre performance sociale et environnementale.<\/li><li>Travailler en \u00e9troite collaboration avec le comit\u00e9 B Corp pour assurer l\u2019am\u00e9lioration continue de son d\u00e9partement en mati\u00e8re de responsabilit\u00e9 sociale et environnementale.<\/li><li>Contribuer par ses id\u00e9es et son implication au d\u00e9veloppement durable de l\u2019entreprise.<\/li><li>Collaborer \u00e0 la d\u00e9finition des objectifs sociaux et environnementaux \u00e0 atteindre pour r\u00e9duire notre impact.<\/li><\/ul>\t\t\t\t\t\t\t\t<\/div>\n\t\t\t\t<\/div>\n\t\t\t\t<div class=\"elementor-element elementor-element-b978d9e elementor-widget elementor-widget-spacer\" data-id=\"b978d9e\" data-element_type=\"widget\" data-widget_type=\"spacer.default\">\n\t\t\t\t<div class=\"elementor-widget-container\">\n\t\t\t\t\t\t\t<div class=\"elementor-spacer\">\n\t\t\t<div class=\"elementor-spacer-inner\"><\/div>\n\t\t<\/div>\n\t\t\t\t\t\t<\/div>\n\t\t\t\t<\/div>\n\t\t\t\t<div class=\"elementor-element elementor-element-0b15f58 elementor-widget__width-initial elementor-widget elementor-widget-heading\" data-id=\"0b15f58\" data-element_type=\"widget\" data-widget_type=\"heading.default\">\n\t\t\t\t<div class=\"elementor-widget-container\">\n\t\t\t\t\t<h2 class=\"elementor-heading-title elementor-size-default\">Afin d\u2019exceller dans sa mission, nous recherchons une personne d\u00e9tenant ces qualifications : <\/h2>\t\t\t\t<\/div>\n\t\t\t\t<\/div>\n\t\t\t\t<div class=\"elementor-element elementor-element-34affb2 elementor-widget__width-initial elementor-widget elementor-widget-text-editor\" data-id=\"34affb2\" data-element_type=\"widget\" data-widget_type=\"text-editor.default\">\n\t\t\t\t<div class=\"elementor-widget-container\">\n\t\t\t\t\t\t\t\t\t<ul><li>Baccalaur\u00e9at en environnement ou un domaine connexe.<\/li><li>Deux ann\u00e9es d\u2019exp\u00e9rience pertinente.<\/li><li>Une excellente ma\u00eetrise du fran\u00e7ais et de l\u2019anglais (parl\u00e9 et \u00e9crit).<\/li><li>Une bonne connaissance de la REP et de son fonctionnement \u2013 un atout.<\/li><li>Excellente ma\u00eetrise de la suite MS Office (Word, Excel, PowerPoint).<\/li><li>Ma\u00eetrise de MS Access \u2013 un atout.<\/li><li>Permis de conduire valide pour les d\u00e9placements occasionnels chez nos clients.<\/li><\/ul>\t\t\t\t\t\t\t\t<\/div>\n\t\t\t\t<\/div>\n\t\t\t\t<div class=\"elementor-element elementor-element-70b446d elementor-widget elementor-widget-spacer\" data-id=\"70b446d\" data-element_type=\"widget\" data-widget_type=\"spacer.default\">\n\t\t\t\t<div class=\"elementor-widget-container\">\n\t\t\t\t\t\t\t<div class=\"elementor-spacer\">\n\t\t\t<div class=\"elementor-spacer-inner\"><\/div>\n\t\t<\/div>\n\t\t\t\t\t\t<\/div>\n\t\t\t\t<\/div>\n\t\t\t\t<div class=\"elementor-element elementor-element-1fe8552 elementor-widget__width-initial elementor-widget elementor-widget-heading\" data-id=\"1fe8552\" data-element_type=\"widget\" data-widget_type=\"heading.default\">\n\t\t\t\t<div class=\"elementor-widget-container\">\n\t\t\t\t\t<h2 class=\"elementor-heading-title elementor-size-default\">De plus, notre coll\u00e8gue id\u00e9al(e) poss\u00e8de les comp\u00e9tences suivantes :    <\/h2>\t\t\t\t<\/div>\n\t\t\t\t<\/div>\n\t\t\t\t<div class=\"elementor-element elementor-element-8e7a6cb elementor-widget__width-initial elementor-widget elementor-widget-text-editor\" data-id=\"8e7a6cb\" data-element_type=\"widget\" data-widget_type=\"text-editor.default\">\n\t\t\t\t<div class=\"elementor-widget-container\">\n\t\t\t\t\t\t\t\t\t<ul><li>Capacit\u00e9 \u00e0 traiter des donn\u00e9es sensibles avec une rigueur et une pr\u00e9cision irr\u00e9prochable tout en veillant \u00e0 la qualit\u00e9 et \u00e0 l&#8217;exactitude de chaque d\u00e9tail.<\/li><li>Aptitude \u00e0 travailler de mani\u00e8re autonome, tout en \u00e9tant proactif(ve) dans l&#8217;identification et la r\u00e9solution de probl\u00e8mes.<\/li><li>Capacit\u00e9 \u00e0 analyser des informations complexes, \u00e0 poser les bonnes questions et \u00e0 proposer des solutions r\u00e9fl\u00e9chies et pertinentes.<\/li><li>Excellente capacit\u00e9 \u00e0 organiser son travail, \u00e0 g\u00e9rer les priorit\u00e9s et \u00e0 respecter les d\u00e9lais.<\/li><\/ul>\t\t\t\t\t\t\t\t<\/div>\n\t\t\t\t<\/div>\n\t\t\t\t<div class=\"elementor-element elementor-element-9657c51 elementor-widget elementor-widget-spacer\" data-id=\"9657c51\" data-element_type=\"widget\" data-widget_type=\"spacer.default\">\n\t\t\t\t<div class=\"elementor-widget-container\">\n\t\t\t\t\t\t\t<div class=\"elementor-spacer\">\n\t\t\t<div class=\"elementor-spacer-inner\"><\/div>\n\t\t<\/div>\n\t\t\t\t\t\t<\/div>\n\t\t\t\t<\/div>\n\t\t\t\t<div class=\"elementor-element elementor-element-3acf49d elementor-widget__width-initial elementor-widget elementor-widget-heading\" data-id=\"3acf49d\" data-element_type=\"widget\" data-widget_type=\"heading.default\">\n\t\t\t\t<div class=\"elementor-widget-container\">\n\t\t\t\t\t<h2 class=\"elementor-heading-title elementor-size-default\">Quelques d\u00e9tails concernant le d\u00e9but de l\u2019emploi<\/h2>\t\t\t\t<\/div>\n\t\t\t\t<\/div>\n\t\t\t\t<div class=\"elementor-element elementor-element-3a210b1 elementor-widget__width-initial elementor-widget elementor-widget-text-editor\" data-id=\"3a210b1\" data-element_type=\"widget\" data-widget_type=\"text-editor.default\">\n\t\t\t\t<div class=\"elementor-widget-container\">\n\t\t\t\t\t\t\t\t\t<p>L\u2019entr\u00e9e en poste en pr\u00e9vue pour le plus rapidement possible. Bien que nous ayons adopt\u00e9 un mode de travail hybride, des d\u00e9placements au si\u00e8ge social situ\u00e9 \u00e0 Mirabel (Saint-Janvier) seront requis selon les besoins. La r\u00e9mun\u00e9ration est bas\u00e9e sur un horaire de 35 heures par semaine, les comp\u00e9tences et l\u2019exp\u00e9rience acquise selon l\u2019\u00e9chelle de notre politique salariale.<\/p><p>Evnia offre toute la formation n\u00e9cessaire et l\u2019accompagnement requis pour assurer ton succ\u00e8s.<\/p>\t\t\t\t\t\t\t\t<\/div>\n\t\t\t\t<\/div>\n\t\t\t\t<div class=\"elementor-element elementor-element-28840fb elementor-widget elementor-widget-spacer\" data-id=\"28840fb\" data-element_type=\"widget\" data-widget_type=\"spacer.default\">\n\t\t\t\t<div class=\"elementor-widget-container\">\n\t\t\t\t\t\t\t<div class=\"elementor-spacer\">\n\t\t\t<div class=\"elementor-spacer-inner\"><\/div>\n\t\t<\/div>\n\t\t\t\t\t\t<\/div>\n\t\t\t\t<\/div>\n\t\t\t\t<div class=\"elementor-element elementor-element-5ce83ff elementor-widget__width-initial elementor-widget elementor-widget-heading\" data-id=\"5ce83ff\" data-element_type=\"widget\" data-widget_type=\"heading.default\">\n\t\t\t\t<div class=\"elementor-widget-container\">\n\t\t\t\t\t<h2 class=\"elementor-heading-title elementor-size-default\">Pr\u00eat(e) \u00e0 \u00e9voluer vers une carri\u00e8re plus verte? <\/h2>\t\t\t\t<\/div>\n\t\t\t\t<\/div>\n\t\t\t\t<div class=\"elementor-element elementor-element-1654427 elementor-widget__width-initial elementor-widget elementor-widget-text-editor\" data-id=\"1654427\" data-element_type=\"widget\" data-widget_type=\"text-editor.default\">\n\t\t\t\t<div class=\"elementor-widget-container\">\n\t\t\t\t\t\t\t\t\t<p>Fais parvenir ton curriculum vitae par courriel \u00e0 cv@flexiaconseil.com.<\/p>\t\t\t\t\t\t\t\t<\/div>\n\t\t\t\t<\/div>\n\t\t\t\t<div class=\"elementor-element elementor-element-b5dbf0c elementor-widget__width-initial elementor-widget elementor-widget-text-editor\" data-id=\"b5dbf0c\" data-element_type=\"widget\" data-widget_type=\"text-editor.default\">\n\t\t\t\t<div class=\"elementor-widget-container\">\n\t\t\t\t\t\t\t\t\t<p>Chez Evnia le respect d\u2019autrui est au centre de nos valeurs et nous sommes engag\u00e9s en faveur de la diversit\u00e9 et de l\u2019inclusion. Nous encourageons fortement les personnes autochtones, racis\u00e9es, handicap\u00e9es, issues de communaut\u00e9s diversifi\u00e9es sur le plan du genre et du sexe et\/ou ayant des identit\u00e9s intersectionnelles \u00e0 pr\u00e9senter leur candidature. Nous croyons qu\u2019un environnement de travail inclusif mettant de l\u2019avant l\u2019\u00e9galit\u00e9 des chances et le respect de la diversit\u00e9 est essentiel au bien-\u00eatre de nos employ\u00e9(e)s.<\/p>\t\t\t\t\t\t\t\t<\/div>\n\t\t\t\t<\/div>\n\t\t\t\t<div class=\"elementor-element elementor-element-84bacb9 elementor-widget elementor-widget-spacer\" data-id=\"84bacb9\" data-element_type=\"widget\" data-widget_type=\"spacer.default\">\n\t\t\t\t<div class=\"elementor-widget-container\">\n\t\t\t\t\t\t\t<div class=\"elementor-spacer\">\n\t\t\t<div class=\"elementor-spacer-inner\"><\/div>\n\t\t<\/div>\n\t\t\t\t\t\t<\/div>\n\t\t\t\t<\/div>\n\t\t\t\t\t<\/div>\n\t\t<\/div>\n\t\t\t\t\t<\/div>\n\t\t<\/section>\n\t\t\t\t<\/div>\n\t\t","protected":false},"excerpt":{"rendered":"","protected":false},"author":3,"featured_media":0,"parent":0,"menu_order":0,"comment_status":"closed","ping_status":"closed","template":"","meta":{"content-type":"","inline_featured_image":false,"footnotes":""},"folder":[],"class_list":["post-8580","page","type-page","status-publish","hentry"],"yoast_head":"<!-- This site is optimized with the Yoast SEO plugin v26.7 - https:\/\/yoast.com\/wordpress\/plugins\/seo\/ -->\n<title>Page test english - Evnia<\/title>\n<meta name=\"robots\" content=\"index, follow, max-snippet:-1, max-image-preview:large, max-video-preview:-1\" \/>\n<link rel=\"canonical\" href=\"https:\/\/evnia.com\/en\/page-test-english\/\" \/>\n<meta property=\"og:locale\" content=\"en_US\" \/>\n<meta property=\"og:type\" content=\"article\" \/>\n<meta property=\"og:title\" content=\"Page test english - Evnia\" \/>\n<meta property=\"og:url\" content=\"https:\/\/evnia.com\/en\/page-test-english\/\" \/>\n<meta property=\"og:site_name\" content=\"Evnia\" \/>\n<meta property=\"article:publisher\" content=\"https:\/\/www.facebook.com\/evniacompliance\" \/>\n<meta property=\"article:modified_time\" content=\"2026-03-27T16:47:32+00:00\" \/>\n<meta name=\"twitter:card\" content=\"summary_large_image\" \/>\n<script type=\"application\/ld+json\" class=\"yoast-schema-graph\">{\"@context\":\"https:\/\/schema.org\",\"@graph\":[{\"@type\":\"WebPage\",\"@id\":\"https:\/\/evnia.com\/en\/page-test-english\/\",\"url\":\"https:\/\/evnia.com\/en\/page-test-english\/\",\"name\":\"Page test english - Evnia\",\"isPartOf\":{\"@id\":\"https:\/\/evnia.com\/en\/#website\"},\"datePublished\":\"2026-03-27T16:45:06+00:00\",\"dateModified\":\"2026-03-27T16:47:32+00:00\",\"breadcrumb\":{\"@id\":\"https:\/\/evnia.com\/en\/page-test-english\/#breadcrumb\"},\"inLanguage\":\"en-US\",\"potentialAction\":[{\"@type\":\"ReadAction\",\"target\":[\"https:\/\/evnia.com\/en\/page-test-english\/\"]}]},{\"@type\":\"BreadcrumbList\",\"@id\":\"https:\/\/evnia.com\/en\/page-test-english\/#breadcrumb\",\"itemListElement\":[{\"@type\":\"ListItem\",\"position\":1,\"name\":\"Home\",\"item\":\"https:\/\/evnia.com\/en\/\"},{\"@type\":\"ListItem\",\"position\":2,\"name\":\"Page test english\"}]},{\"@type\":\"WebSite\",\"@id\":\"https:\/\/evnia.com\/en\/#website\",\"url\":\"https:\/\/evnia.com\/en\/\",\"name\":\"Evnia\",\"description\":\"Firme-conseil en \u00e9cofiscalit\u00e9\",\"publisher\":{\"@id\":\"https:\/\/evnia.com\/en\/#organization\"},\"potentialAction\":[{\"@type\":\"SearchAction\",\"target\":{\"@type\":\"EntryPoint\",\"urlTemplate\":\"https:\/\/evnia.com\/en\/?s={search_term_string}\"},\"query-input\":{\"@type\":\"PropertyValueSpecification\",\"valueRequired\":true,\"valueName\":\"search_term_string\"}}],\"inLanguage\":\"en-US\"},{\"@type\":\"Organization\",\"@id\":\"https:\/\/evnia.com\/en\/#organization\",\"name\":\"Evnia\",\"url\":\"https:\/\/evnia.com\/en\/\",\"logo\":{\"@type\":\"ImageObject\",\"inLanguage\":\"en-US\",\"@id\":\"https:\/\/evnia.com\/en\/#\/schema\/logo\/image\/\",\"url\":\"https:\/\/evnia.com\/wp-content\/uploads\/logo_positif.png\",\"contentUrl\":\"https:\/\/evnia.com\/wp-content\/uploads\/logo_positif.png\",\"width\":1410,\"height\":460,\"caption\":\"Evnia\"},\"image\":{\"@id\":\"https:\/\/evnia.com\/en\/#\/schema\/logo\/image\/\"},\"sameAs\":[\"https:\/\/www.facebook.com\/evniacompliance\",\"https:\/\/www.linkedin.com\/company\/evnia-eco\"]}]}<\/script>\n<!-- \/ Yoast SEO plugin. -->","yoast_head_json":{"title":"Page test english - Evnia","robots":{"index":"index","follow":"follow","max-snippet":"max-snippet:-1","max-image-preview":"max-image-preview:large","max-video-preview":"max-video-preview:-1"},"canonical":"https:\/\/evnia.com\/en\/page-test-english\/","og_locale":"en_US","og_type":"article","og_title":"Page test english - Evnia","og_url":"https:\/\/evnia.com\/en\/page-test-english\/","og_site_name":"Evnia","article_publisher":"https:\/\/www.facebook.com\/evniacompliance","article_modified_time":"2026-03-27T16:47:32+00:00","twitter_card":"summary_large_image","schema":{"@context":"https:\/\/schema.org","@graph":[{"@type":"WebPage","@id":"https:\/\/evnia.com\/en\/page-test-english\/","url":"https:\/\/evnia.com\/en\/page-test-english\/","name":"Page test english - Evnia","isPartOf":{"@id":"https:\/\/evnia.com\/en\/#website"},"datePublished":"2026-03-27T16:45:06+00:00","dateModified":"2026-03-27T16:47:32+00:00","breadcrumb":{"@id":"https:\/\/evnia.com\/en\/page-test-english\/#breadcrumb"},"inLanguage":"en-US","potentialAction":[{"@type":"ReadAction","target":["https:\/\/evnia.com\/en\/page-test-english\/"]}]},{"@type":"BreadcrumbList","@id":"https:\/\/evnia.com\/en\/page-test-english\/#breadcrumb","itemListElement":[{"@type":"ListItem","position":1,"name":"Home","item":"https:\/\/evnia.com\/en\/"},{"@type":"ListItem","position":2,"name":"Page test english"}]},{"@type":"WebSite","@id":"https:\/\/evnia.com\/en\/#website","url":"https:\/\/evnia.com\/en\/","name":"Evnia","description":"Firme-conseil en \u00e9cofiscalit\u00e9","publisher":{"@id":"https:\/\/evnia.com\/en\/#organization"},"potentialAction":[{"@type":"SearchAction","target":{"@type":"EntryPoint","urlTemplate":"https:\/\/evnia.com\/en\/?s={search_term_string}"},"query-input":{"@type":"PropertyValueSpecification","valueRequired":true,"valueName":"search_term_string"}}],"inLanguage":"en-US"},{"@type":"Organization","@id":"https:\/\/evnia.com\/en\/#organization","name":"Evnia","url":"https:\/\/evnia.com\/en\/","logo":{"@type":"ImageObject","inLanguage":"en-US","@id":"https:\/\/evnia.com\/en\/#\/schema\/logo\/image\/","url":"https:\/\/evnia.com\/wp-content\/uploads\/logo_positif.png","contentUrl":"https:\/\/evnia.com\/wp-content\/uploads\/logo_positif.png","width":1410,"height":460,"caption":"Evnia"},"image":{"@id":"https:\/\/evnia.com\/en\/#\/schema\/logo\/image\/"},"sameAs":["https:\/\/www.facebook.com\/evniacompliance","https:\/\/www.linkedin.com\/company\/evnia-eco"]}]}},"_links":{"self":[{"href":"https:\/\/evnia.com\/en\/wp-json\/wp\/v2\/pages\/8580","targetHints":{"allow":["GET"]}}],"collection":[{"href":"https:\/\/evnia.com\/en\/wp-json\/wp\/v2\/pages"}],"about":[{"href":"https:\/\/evnia.com\/en\/wp-json\/wp\/v2\/types\/page"}],"author":[{"embeddable":true,"href":"https:\/\/evnia.com\/en\/wp-json\/wp\/v2\/users\/3"}],"replies":[{"embeddable":true,"href":"https:\/\/evnia.com\/en\/wp-json\/wp\/v2\/comments?post=8580"}],"version-history":[{"count":1,"href":"https:\/\/evnia.com\/en\/wp-json\/wp\/v2\/pages\/8580\/revisions"}],"predecessor-version":[{"id":8581,"href":"https:\/\/evnia.com\/en\/wp-json\/wp\/v2\/pages\/8580\/revisions\/8581"}],"wp:attachment":[{"href":"https:\/\/evnia.com\/en\/wp-json\/wp\/v2\/media?parent=8580"}],"wp:term":[{"taxonomy":"folder","embeddable":true,"href":"https:\/\/evnia.com\/en\/wp-json\/wp\/v2\/folder?post=8580"}],"curies":[{"name":"wp","href":"https:\/\/api.w.org\/{rel}","templated":true}]}}